{"id":149355,"date":"2024-05-02T11:17:06","date_gmt":"2024-05-02T11:17:06","guid":{"rendered":"https:\/\/bemoresuperfoods.fi\/product\/kahvikollageeni-vaniljalla-ja-inuliinilla-200-g\/"},"modified":"2025-11-26T12:21:04","modified_gmt":"2025-11-26T12:21:04","slug":"kahvikollageeni-vaniljalla-ja-inuliinilla-200-g","status":"publish","type":"product","link":"https:\/\/bemoresuperfoods.fi\/en\/product\/kahvikollageeni-vaniljalla-ja-inuliinilla-200-g\/","title":{"rendered":"Coffee collagen with vanilla and inulin, 200 g"},"content":{"rendered":"<p>Coffee collagen powder with vanilla and inulin is a great addition to your morning coffee routine. Inulin powder is a naturally sweet tasting powder that is high in fiber and low in fat. Thanks to its high fiber content, it helps to feel full. <strong>Thanks to the natural sweetness, there is no need to add additional sweeteners to the coffee!<\/strong><\/p>\n<p>Collagen makes up about 25-35% of the total protein content in our body and is an important protein for bones, muscles, joints, tendons, skin, and other important body tissues. Research has shown that supplemental collagen consumption can stimulate the human body to produce collagen on its own, which in turn can lead to reduced levels of inflammation in the body and better joint health. <strong>Collagen helps to be more beautiful, because it strengthens nails, hair and has a good effect on the skin!<\/strong><\/p>\n<p><strong>\u00a0<\/strong>We have also added pea protein to the coffee collagen powder. Protein contributes to muscle growth and maintenance and is also good for bones.<\/p>\n<h3><span style=\"font-size: 12pt\"><strong>Coffee collagen with vanilla and inulin is suitable for:<\/strong><\/span><\/h3>\n<p><strong>\u00a0<\/strong>for everyone who wants to add plant-based protein and vanilla flavor to their coffee<\/p>\n<ul>\n<li>for those who want to improve skin elasticity<\/li>\n<li>for those who have a problem with joint health<\/li>\n<li>usage during pregnancy and breastfeeding<\/li>\n<\/ul>\n<h3><span style=\"font-size: 12pt\"><strong>What does this product consist of?<\/strong><\/span><\/h3>\n<p>Ingredients: hydrolyzed collagen powder (56%), inulin powder, pea protein powder, bourbon vanilla powder.<\/p>\n<h3><span style=\"font-size: 12pt\"><strong>How to use it?<\/strong><\/span><\/h3>\n<p>Just add 2 tsp to the coffee.<\/p>\n<h3><span style=\"font-size: 12pt\"><strong>Servings per package:<\/strong><\/span><\/h3>\n<p>Each 200 g package contains up to 20 servings.<\/p>\n<h3><span style=\"font-size: 12pt\"><strong>Storage conditions<\/strong><\/span><\/h3>\n<p>Store at room temperature, keep away from direct sunlight. After each use seal it carefully.<\/p>\n<h3><span style=\"font-size: 12pt\"><strong>What does Coffee Collagen Vanilla\u00b4n\u00b4Inulin taste like?<\/strong><\/span><\/h3>\n<p><strong>\u00a0<\/strong>Thanks to the vanilla powder, it has a nice vanilla taste. Thanks to the inulin powder, it has a slightly sweet taste.<\/p>\n","protected":false},"excerpt":{"rendered":"<h2><span style=\"font-size: 14pt\"><strong>Coffee collagen with vanilla and inulin supports your natural beauty, joints and muscles<\/strong><\/span><\/h2>\n<ul>\n<li>1 serving (2 teaspoons) contains 5600 mg of collagen<\/li>\n<li>100% natural<\/li>\n<li>Contains no added sugars<\/li>\n<li><strong> Contains 64 g of protein per 100 g<\/strong><\/li>\n<li>Gives the coffee an amazing vanilla taste<\/li>\n<li>Inulin is a soluble fiber with a prebiotic effect, which has a beneficial effect on intestinal health<\/li>\n<li>Contains natural <strong>bourbon vanilla powder<\/strong><\/li>\n<\/ul>\n","protected":false},"featured_media":148627,"comment_status":"open","ping_status":"closed","template":"","meta":{"_acf_changed":false},"product_cat":[516],"product_tag":[674,675,676],"class_list":["post-149355","product","type-product","status-publish","has-post-thumbnail","hentry","product_cat-collagen-mixes","product_tag-kahvikollageeni-en","product_tag-kahvikollageeni-vaniljalla-ja-inuliinilla-en","product_tag-kollageeni-en"],"bundle_layout":"","bundled_by":["133784"],"bundled_items":[],"acf":[],"yoast_head":"<!-- This site is optimized with the Yoast SEO plugin v24.1 - https:\/\/yoast.com\/wordpress\/plugins\/seo\/ -->\n<title>Coffee collagen with vanilla and inulin, 200 g - Be More Suomi<\/title>\n<meta name=\"description\" content=\"Kahvikollageeni vaniljalla ja inuliinilla on t\u00e4ydellinen lis\u00e4 kahvihetkiin, tarjoten hyvinvointia vatsalle sek\u00e4 nivelille ja lihaksille.\" \/>\n<meta name=\"robots\" content=\"index, follow, max-snippet:-1, max-image-preview:large, max-video-preview:-1\" \/>\n<link rel=\"canonical\" href=\"https:\/\/bemoresuperfoods.fi\/en\/product\/kahvikollageeni-vaniljalla-ja-inuliinilla-200-g\/\" \/>\n<meta property=\"og:locale\" content=\"en_US\" \/>\n<meta property=\"og:type\" content=\"article\" \/>\n<meta property=\"og:title\" content=\"Coffee collagen with vanilla and inulin, 200 g - Be More Suomi\" \/>\n<meta property=\"og:description\" content=\"Kahvikollageeni vaniljalla ja inuliinilla on t\u00e4ydellinen lis\u00e4 kahvihetkiin, tarjoten hyvinvointia vatsalle sek\u00e4 nivelille ja lihaksille.\" \/>\n<meta property=\"og:url\" content=\"https:\/\/bemoresuperfoods.fi\/en\/product\/kahvikollageeni-vaniljalla-ja-inuliinilla-200-g\/\" \/>\n<meta property=\"og:site_name\" content=\"Be More Suomi\" \/>\n<meta property=\"article:modified_time\" content=\"2025-11-26T12:21:04+00:00\" \/>\n<meta property=\"og:image\" content=\"https:\/\/bemoresuperfoods.fi\/wp-content\/uploads\/sites\/4\/2024\/05\/Coffee-Collagen-vanilla-1024x1024.png\" \/>\n\t<meta property=\"og:image:width\" content=\"1024\" \/>\n\t<meta property=\"og:image:height\" content=\"1024\" \/>\n\t<meta property=\"og:image:type\" content=\"image\/png\" \/>\n<meta name=\"twitter:card\" content=\"summary_large_image\" \/>\n<meta name=\"twitter:label1\" content=\"Est. reading time\" \/>\n\t<meta name=\"twitter:data1\" content=\"3 minutes\" \/>\n<script type=\"application\/ld+json\" class=\"yoast-schema-graph\">{\"@context\":\"https:\/\/schema.org\",\"@graph\":[{\"@type\":\"WebPage\",\"@id\":\"https:\/\/bemoresuperfoods.fi\/en\/product\/kahvikollageeni-vaniljalla-ja-inuliinilla-200-g\/\",\"url\":\"https:\/\/bemoresuperfoods.fi\/en\/product\/kahvikollageeni-vaniljalla-ja-inuliinilla-200-g\/\",\"name\":\"Coffee collagen with vanilla and inulin, 200 g - Be More Suomi\",\"isPartOf\":{\"@id\":\"https:\/\/bemoresuperfoods.fi\/#website\"},\"primaryImageOfPage\":{\"@id\":\"https:\/\/bemoresuperfoods.fi\/en\/product\/kahvikollageeni-vaniljalla-ja-inuliinilla-200-g\/#primaryimage\"},\"image\":{\"@id\":\"https:\/\/bemoresuperfoods.fi\/en\/product\/kahvikollageeni-vaniljalla-ja-inuliinilla-200-g\/#primaryimage\"},\"thumbnailUrl\":\"https:\/\/bemoresuperfoods.fi\/wp-content\/uploads\/sites\/4\/2024\/05\/Coffee-Collagen-vanilla.png\",\"datePublished\":\"2024-05-02T11:17:06+00:00\",\"dateModified\":\"2025-11-26T12:21:04+00:00\",\"description\":\"Kahvikollageeni vaniljalla ja inuliinilla on t\u00e4ydellinen lis\u00e4 kahvihetkiin, tarjoten hyvinvointia vatsalle sek\u00e4 nivelille ja lihaksille.\",\"breadcrumb\":{\"@id\":\"https:\/\/bemoresuperfoods.fi\/en\/product\/kahvikollageeni-vaniljalla-ja-inuliinilla-200-g\/#breadcrumb\"},\"inLanguage\":\"en-US\",\"potentialAction\":[{\"@type\":\"ReadAction\",\"target\":[\"https:\/\/bemoresuperfoods.fi\/en\/product\/kahvikollageeni-vaniljalla-ja-inuliinilla-200-g\/\"]}]},{\"@type\":\"ImageObject\",\"inLanguage\":\"en-US\",\"@id\":\"https:\/\/bemoresuperfoods.fi\/en\/product\/kahvikollageeni-vaniljalla-ja-inuliinilla-200-g\/#primaryimage\",\"url\":\"https:\/\/bemoresuperfoods.fi\/wp-content\/uploads\/sites\/4\/2024\/05\/Coffee-Collagen-vanilla.png\",\"contentUrl\":\"https:\/\/bemoresuperfoods.fi\/wp-content\/uploads\/sites\/4\/2024\/05\/Coffee-Collagen-vanilla.png\",\"width\":2773,\"height\":2773,\"caption\":\"Kahvikollageeni vaniljalla ja inuliinilla, joka\"},{\"@type\":\"BreadcrumbList\",\"@id\":\"https:\/\/bemoresuperfoods.fi\/en\/product\/kahvikollageeni-vaniljalla-ja-inuliinilla-200-g\/#breadcrumb\",\"itemListElement\":[{\"@type\":\"ListItem\",\"position\":1,\"name\":\"Home\",\"item\":\"https:\/\/bemoresuperfoods.fi\/\"},{\"@type\":\"ListItem\",\"position\":2,\"name\":\"Shop\",\"item\":\"https:\/\/bemoresuperfoods.fi\/shop\/\"},{\"@type\":\"ListItem\",\"position\":3,\"name\":\"Coffee collagen with vanilla and inulin, 200 g\"}]},{\"@type\":\"WebSite\",\"@id\":\"https:\/\/bemoresuperfoods.fi\/#website\",\"url\":\"https:\/\/bemoresuperfoods.fi\/\",\"name\":\"Be More Suomi\",\"description\":\"\",\"potentialAction\":[{\"@type\":\"SearchAction\",\"target\":{\"@type\":\"EntryPoint\",\"urlTemplate\":\"https:\/\/bemoresuperfoods.fi\/?s={search_term_string}\"},\"query-input\":{\"@type\":\"PropertyValueSpecification\",\"valueRequired\":true,\"valueName\":\"search_term_string\"}}],\"inLanguage\":\"en-US\"}]}<\/script>\n<!-- \/ Yoast SEO plugin. -->","yoast_head_json":{"title":"Coffee collagen with vanilla and inulin, 200 g - Be More Suomi","description":"Kahvikollageeni vaniljalla ja inuliinilla on t\u00e4ydellinen lis\u00e4 kahvihetkiin, tarjoten hyvinvointia vatsalle sek\u00e4 nivelille ja lihaksille.","robots":{"index":"index","follow":"follow","max-snippet":"max-snippet:-1","max-image-preview":"max-image-preview:large","max-video-preview":"max-video-preview:-1"},"canonical":"https:\/\/bemoresuperfoods.fi\/en\/product\/kahvikollageeni-vaniljalla-ja-inuliinilla-200-g\/","og_locale":"en_US","og_type":"article","og_title":"Coffee collagen with vanilla and inulin, 200 g - Be More Suomi","og_description":"Kahvikollageeni vaniljalla ja inuliinilla on t\u00e4ydellinen lis\u00e4 kahvihetkiin, tarjoten hyvinvointia vatsalle sek\u00e4 nivelille ja lihaksille.","og_url":"https:\/\/bemoresuperfoods.fi\/en\/product\/kahvikollageeni-vaniljalla-ja-inuliinilla-200-g\/","og_site_name":"Be More Suomi","article_modified_time":"2025-11-26T12:21:04+00:00","og_image":[{"width":1024,"height":1024,"url":"https:\/\/bemoresuperfoods.fi\/wp-content\/uploads\/sites\/4\/2024\/05\/Coffee-Collagen-vanilla-1024x1024.png","type":"image\/png"}],"twitter_card":"summary_large_image","twitter_misc":{"Est. reading time":"3 minutes"},"schema":{"@context":"https:\/\/schema.org","@graph":[{"@type":"WebPage","@id":"https:\/\/bemoresuperfoods.fi\/en\/product\/kahvikollageeni-vaniljalla-ja-inuliinilla-200-g\/","url":"https:\/\/bemoresuperfoods.fi\/en\/product\/kahvikollageeni-vaniljalla-ja-inuliinilla-200-g\/","name":"Coffee collagen with vanilla and inulin, 200 g - Be More Suomi","isPartOf":{"@id":"https:\/\/bemoresuperfoods.fi\/#website"},"primaryImageOfPage":{"@id":"https:\/\/bemoresuperfoods.fi\/en\/product\/kahvikollageeni-vaniljalla-ja-inuliinilla-200-g\/#primaryimage"},"image":{"@id":"https:\/\/bemoresuperfoods.fi\/en\/product\/kahvikollageeni-vaniljalla-ja-inuliinilla-200-g\/#primaryimage"},"thumbnailUrl":"https:\/\/bemoresuperfoods.fi\/wp-content\/uploads\/sites\/4\/2024\/05\/Coffee-Collagen-vanilla.png","datePublished":"2024-05-02T11:17:06+00:00","dateModified":"2025-11-26T12:21:04+00:00","description":"Kahvikollageeni vaniljalla ja inuliinilla on t\u00e4ydellinen lis\u00e4 kahvihetkiin, tarjoten hyvinvointia vatsalle sek\u00e4 nivelille ja lihaksille.","breadcrumb":{"@id":"https:\/\/bemoresuperfoods.fi\/en\/product\/kahvikollageeni-vaniljalla-ja-inuliinilla-200-g\/#breadcrumb"},"inLanguage":"en-US","potentialAction":[{"@type":"ReadAction","target":["https:\/\/bemoresuperfoods.fi\/en\/product\/kahvikollageeni-vaniljalla-ja-inuliinilla-200-g\/"]}]},{"@type":"ImageObject","inLanguage":"en-US","@id":"https:\/\/bemoresuperfoods.fi\/en\/product\/kahvikollageeni-vaniljalla-ja-inuliinilla-200-g\/#primaryimage","url":"https:\/\/bemoresuperfoods.fi\/wp-content\/uploads\/sites\/4\/2024\/05\/Coffee-Collagen-vanilla.png","contentUrl":"https:\/\/bemoresuperfoods.fi\/wp-content\/uploads\/sites\/4\/2024\/05\/Coffee-Collagen-vanilla.png","width":2773,"height":2773,"caption":"Kahvikollageeni vaniljalla ja inuliinilla, joka"},{"@type":"BreadcrumbList","@id":"https:\/\/bemoresuperfoods.fi\/en\/product\/kahvikollageeni-vaniljalla-ja-inuliinilla-200-g\/#breadcrumb","itemListElement":[{"@type":"ListItem","position":1,"name":"Home","item":"https:\/\/bemoresuperfoods.fi\/"},{"@type":"ListItem","position":2,"name":"Shop","item":"https:\/\/bemoresuperfoods.fi\/shop\/"},{"@type":"ListItem","position":3,"name":"Coffee collagen with vanilla and inulin, 200 g"}]},{"@type":"WebSite","@id":"https:\/\/bemoresuperfoods.fi\/#website","url":"https:\/\/bemoresuperfoods.fi\/","name":"Be More Suomi","description":"","potentialAction":[{"@type":"SearchAction","target":{"@type":"EntryPoint","urlTemplate":"https:\/\/bemoresuperfoods.fi\/?s={search_term_string}"},"query-input":{"@type":"PropertyValueSpecification","valueRequired":true,"valueName":"search_term_string"}}],"inLanguage":"en-US"}]}},"_links":{"self":[{"href":"https:\/\/bemoresuperfoods.fi\/en\/wp-json\/wp\/v2\/product\/149355","targetHints":{"allow":["GET"]}}],"collection":[{"href":"https:\/\/bemoresuperfoods.fi\/en\/wp-json\/wp\/v2\/product"}],"about":[{"href":"https:\/\/bemoresuperfoods.fi\/en\/wp-json\/wp\/v2\/types\/product"}],"replies":[{"embeddable":true,"href":"https:\/\/bemoresuperfoods.fi\/en\/wp-json\/wp\/v2\/comments?post=149355"}],"wp:featuredmedia":[{"embeddable":true,"href":"https:\/\/bemoresuperfoods.fi\/en\/wp-json\/wp\/v2\/media\/148627"}],"wp:attachment":[{"href":"https:\/\/bemoresuperfoods.fi\/en\/wp-json\/wp\/v2\/media?parent=149355"}],"wp:term":[{"taxonomy":"product_cat","embeddable":true,"href":"https:\/\/bemoresuperfoods.fi\/en\/wp-json\/wp\/v2\/product_cat?post=149355"},{"taxonomy":"product_tag","embeddable":true,"href":"https:\/\/bemoresuperfoods.fi\/en\/wp-json\/wp\/v2\/product_tag?post=149355"}],"curies":[{"name":"wp","href":"https:\/\/api.w.org\/{rel}","templated":true}]}}