{"id":148428,"date":"2023-09-18T19:08:18","date_gmt":"2023-09-18T19:08:18","guid":{"rendered":"https:\/\/bemoresuperfoods.fi\/?page_id=148428"},"modified":"2024-09-20T05:00:06","modified_gmt":"2024-09-20T05:00:06","slug":"brandilahettilas","status":"publish","type":"page","link":"https:\/\/bemoresuperfoods.fi\/en\/brandilahettilas\/","title":{"rendered":"Br\u00e4ndil\u00e4hettil\u00e4s"},"content":{"rendered":"<h2><b><img loading=\"lazy\" decoding=\"async\" class=\"aligncenter wp-image-148890 size-full\" src=\"https:\/\/bemoresuperfoods.fi\/wp-content\/uploads\/sites\/4\/2024\/09\/Email_1200x-1-1.jpg\" alt=\"Tule Be More -br\u00e4ndil\u00e4hettil\u00e4\u00e4ksi!\" width=\"1200\" height=\"517\" srcset=\"https:\/\/bemoresuperfoods.fi\/wp-content\/uploads\/sites\/4\/2024\/09\/Email_1200x-1-1.jpg 1200w, https:\/\/bemoresuperfoods.fi\/wp-content\/uploads\/sites\/4\/2024\/09\/Email_1200x-1-1-300x129.jpg 300w, https:\/\/bemoresuperfoods.fi\/wp-content\/uploads\/sites\/4\/2024\/09\/Email_1200x-1-1-1024x441.jpg 1024w, https:\/\/bemoresuperfoods.fi\/wp-content\/uploads\/sites\/4\/2024\/09\/Email_1200x-1-1-768x331.jpg 768w, https:\/\/bemoresuperfoods.fi\/wp-content\/uploads\/sites\/4\/2024\/09\/Email_1200x-1-1-600x259.jpg 600w\" sizes=\"auto, (max-width: 1200px) 100vw, 1200px\" \/><\/b><\/h2>\n<h2><b>Mik\u00e4 on br\u00e4ndil\u00e4hettil\u00e4s?<\/b><\/h2>\n<p><b><\/b>Be More:n br\u00e4ndil\u00e4hettil\u00e4s\/affiliate-ohjelma on on keino sis\u00e4ll\u00f6ntuottajille ansaita palkkioita myynnist\u00e4 ohjaamalla asiakkaat verkkosivustolle henkil\u00f6kohtaisten linkkien avulla.<\/p>\n<h2><b>Kuinka se toimii?<\/b><\/h2>\n<p><span style=\"font-weight: 400\">Liity Be More:n br\u00e4ndil\u00e4hettil\u00e4s\/affiliate-ohjelmaan, mainosta Be More:n terveystuotteita sivustollasi tai sosiaalisen median kanavallasi ja ansaitse komissiota jokaisesta sinun kautta tehdyst\u00e4 ostoksesta.<\/span><\/p>\n<ol>\n<li><strong>Rekister\u00f6idy<\/strong><\/li>\n<\/ol>\n<p>Liity kumppaniksi rekister\u00f6itym\u00e4ll\u00e4 ja saat henkil\u00f6kohtaisen linkin jaettavaksi.<\/p>\n<ol start=\"2\">\n<li><strong>Mainosta Be More -tuotteita<\/strong><\/li>\n<\/ol>\n<p>Jaa ja mainosta Be More -tuotteita yst\u00e4villesi, perheellesi, seuraajillesi ja yleis\u00f6llesi henkil\u00f6kohtaisen linkkisi avulla. Be More -kumppanina saat nelj\u00e4nnesvuosittain ilmaisia tuotteita (arvo 50 \u20ac) sek\u00e4 alennuskoodin, jonka voit jakaa yhteis\u00f6si kanssa.<\/p>\n<ol start=\"3\">\n<li><strong>Ansaitse rahaa<\/strong><\/li>\n<\/ol>\n<p>Tienaat 10 % myyntituotosta, joka kertyy henkil\u00f6kohtaisen alennuskoodisi k\u00e4yt\u00f6st\u00e4. Maksut suoritetaan kuukausittain, kun alennuskoodilla tehtyjen ostosten yhteissumma on v\u00e4hint\u00e4\u00e4n 50 \u20ac.<\/p>\n<h3><strong>Sinulta toivomme:<\/strong><\/h3>\n<p>\u2713 vahvaa ja aitoa l\u00e4sn\u00e4oloa sosiaalisessa mediassa<\/p>\n<p>\u2713 tuotteidemme esittely\u00e4 seuraajillesi, yst\u00e4villesi ja asiakkaille<\/p>\n<p>\u2713 aitoa kiinnostusta hyvinvointiin ja terveellisiin el\u00e4m\u00e4ntapoihin<\/p>\n<p>\u2713 sovitun m\u00e4\u00e4r\u00e4n IG-feedkuvia, tarinoita ja reels-videoita yhteisty\u00f6kauden aikana joita voimme jakaa Be More:n somekanavissa sek\u00e4 somemarkkinoinnissa<\/p>\n<h3><strong>Be Moren br\u00e4ndil\u00e4hettil\u00e4\u00e4n\u00e4 saat:<\/strong><\/h3>\n<p>\u2713 henkil\u00f6kohtaisen alennuskoodin, jota voit jakaa seuraajillesi ja josta saat ansaita rahaa<\/p>\n<p>\u2713 p\u00e4\u00e4set ensimm\u00e4isen\u00e4 kokeilemaan uusimpia tuotteitamme<\/p>\n<p>\u2713 nostamme sinut ja sis\u00e4lt\u00f6si meid\u00e4n kasvavalle yhteis\u00f6lle somessa, uutiskirjeess\u00e4 ja blogissa<\/p>\n<p>\u2713 mahdollisuuden j\u00e4rjest\u00e4\u00e4 arvonta kanssamme<\/p>\n<p>\u2713 kerran nelj\u00e4nnesvuodessa lempituotteitasi Be More -valikoimasta (arvo 50 \u20ac)<\/p>\n<h2><b>Kiinnostaisiko sinua olla Be Moren br\u00e4ndil\u00e4hettil\u00e4s?<\/b><\/h2>\n<p><span style=\"font-weight: 400\">Olisi ihanaa tehd\u00e4 kanssasi affiliate-yhteisty\u00f6t\u00e4, jolloin voimme yhdess\u00e4 auttaa seuraajiasi l\u00f6yt\u00e4m\u00e4\u00e4n Be More:n terveystuotteita ja sin\u00e4 saat siit\u00e4 my\u00f6s palkkion.<\/span><\/p>\n<p><span style=\"font-size: 14pt\"><b>Liity mukaan!<\/b><\/span><\/p>\n<p><b>\n<div class=\"yith-wcaf yith-wcaf-registration-form woocommerce\">\n\t\n\t\n\t\t<div class=\"forms-container \">\n\n\t\t\t\n\t\t\t\n\t\t\t\n\t\t\t\t\t\t\t\t\t<h2 class=\"register-title\">\n\t\t\t\t\t\tRegister\t\t\t\t\t<\/h2>\n\t\t\t\t\n\t\t\t\t<div class=\"register-form\">\n\t\t\t\t\t<form method=\"post\" class=\"register\">\n\n\t\t\t\t\t\t\t\t\t\t\t\t\t\t\t\t\t\t<p class=\"form-row validate-required\" id=\"profile_first_name_field\" data-priority=\"\"><label for=\"profile_first_name\" class=\"\">Etunimi&nbsp;<abbr class=\"required\" title=\"required\">*<\/abbr><\/label><span class=\"woocommerce-input-wrapper\"><input type=\"text\" class=\"input-text \" name=\"first_name\" id=\"profile_first_name\" placeholder=\"\"  value=\"\"  \/><\/span><span class=\"error\" style=\"display:none\">Etunimi is a required field.<\/span><\/p><p class=\"form-row validate-required\" id=\"profile_last_name_field\" data-priority=\"\"><label for=\"profile_last_name\" class=\"\">Sukunimi&nbsp;<abbr class=\"required\" title=\"required\">*<\/abbr><\/label><span class=\"woocommerce-input-wrapper\"><input type=\"text\" class=\"input-text \" name=\"last_name\" id=\"profile_last_name\" placeholder=\"\"  value=\"\"  \/><\/span><span class=\"error\" style=\"display:none\">Sukunimi is a required field.<\/span><\/p><p class=\"form-row validate-required\" id=\"profile_email_field\" data-priority=\"\"><label for=\"profile_email\" class=\"\">S\u00e4hk\u00f6postiosoite&nbsp;<abbr class=\"required\" title=\"required\">*<\/abbr><\/label><span class=\"woocommerce-input-wrapper\"><input type=\"email\" class=\"input-text \" name=\"email\" id=\"profile_email\" placeholder=\"\"  value=\"\"  \/><\/span><span class=\"error\" style=\"display:none\">S\u00e4hk\u00f6postiosoite is a required field.<\/span><\/p><p class=\"form-row terms-label validate-required\" id=\"profile_terms_field\" data-priority=\"\"><span class=\"woocommerce-input-wrapper\"><label class=\"checkbox terms-label\" >\n\t\t\t\t\t\t<input type=\"checkbox\" class=\"input-checkbox \" name=\"terms\" id=\"profile_terms\" value=\"1\"  \/> Olen lukenut ja hyv\u00e4ksyn\u00a0<a href=\"https:\/\/bemoresuperfoods.fi\/en\/terms-of-sale\/\" class=\"woocommerce-terms-and-conditions-link\" target=\"_blank\">terms and conditions<\/a>&nbsp;<abbr class=\"required\" title=\"required\">*<\/abbr><\/label><\/span><span class=\"error\" style=\"display:none\">Olen lukenut ja hyv\u00e4ksyn\u00a0<a href=\"https:\/\/bemoresuperfoods.fi\/en\/terms-of-sale\/\" class=\"woocommerce-terms-and-conditions-link\" target=\"_blank\">terms and conditions<\/a> is a required field.<\/span><\/p><p class=\"form-row validate-required\" id=\"profile_affiliate_terms_conditions_field\" data-priority=\"\"><span class=\"woocommerce-input-wrapper\"><label class=\"checkbox terms-label\" >\n\t\t\t\t\t\t<input type=\"checkbox\" class=\"input-checkbox \" name=\"affiliate_terms_conditions\" id=\"profile_affiliate_terms_conditions\" value=\"1\"  \/> Olen lukenut ja hyv\u00e4ksyn <a target=\"_blank\" href=\"https:\/\/bemoresuperfoods.fi\/be-more-affiliate-ohjelma\/\">Affiliate-ohjelman k\u00e4ytt\u00f6ehdot<\/a>&nbsp;<abbr class=\"required\" title=\"required\">*<\/abbr><\/label><\/span><span class=\"error\" style=\"display:none\">Olen lukenut ja hyv\u00e4ksyn <a target=\"_blank\" href=\"https:\/\/bemoresuperfoods.fi\/be-more-affiliate-ohjelma\/\">Affiliate-ohjelman k\u00e4ytt\u00f6ehdot<\/a> is a required field.<\/span><\/p>\t\t\t\t\t\t\n\t\t\t\t\t\t<p class=\"form-row\">\n\t\t\t\t\t\t\t<input type=\"hidden\" id=\"woocommerce-register-nonce\" name=\"woocommerce-register-nonce\" value=\"ce39ac48ce\" \/><input type=\"hidden\" name=\"_wp_http_referer\" value=\"\/en\/wp-json\/wp\/v2\/pages\/148428\" \/>\t\t\t\t\t\t\t<input type=\"hidden\" id=\"register_affiliate\" name=\"register_affiliate\" value=\"2cf85df952\" \/>\n\t\t\t\t\t\t\t<input type=\"submit\" class=\"button\" name=\"register\" value=\"Register\"\/>\n\t\t\t\t\t\t<\/p>\n\n\t\t\t\t\t\t\n\t\t\t\t\t<\/form>\n\t\t\t\t<\/div>\n\n\t\t\t\n\t\t\t\n\t\t<\/div>\n\n\t<\/div>\n<\/b><\/p>\n","protected":false},"excerpt":{"rendered":"<p>Mik\u00e4 on br\u00e4ndil\u00e4hettil\u00e4s? Be More:n br\u00e4ndil\u00e4hettil\u00e4s\/affiliate-ohjelma on on keino sis\u00e4ll\u00f6ntuottajille ansaita palkkioita myynnist\u00e4 ohjaamalla asiakkaat verkkosivustolle henkil\u00f6kohtaisten linkkien avulla. Kuinka se toimii? Liity Be More:n&#8230;<\/p>\n","protected":false},"author":1323,"featured_media":0,"parent":0,"menu_order":0,"comment_status":"closed","ping_status":"closed","template":"page_default.php","meta":{"_acf_changed":false,"footnotes":""},"class_list":["post-148428","page","type-page","status-publish","hentry"],"acf":[],"yoast_head":"<!-- This site is optimized with the Yoast SEO plugin v24.1 - https:\/\/yoast.com\/wordpress\/plugins\/seo\/ -->\n<title>Br\u00e4ndil\u00e4hettil\u00e4s - Be More Suomi<\/title>\n<meta name=\"description\" content=\"Be More -br\u00e4ndil\u00e4hettil\u00e4\u00e4n\u00e4 voit ansaita rahaa, saada ilmaisia tuotteita ja hy\u00f6ty\u00e4 muista eduista kumppanuuden aikana.\" \/>\n<meta name=\"robots\" content=\"index, follow, max-snippet:-1, max-image-preview:large, max-video-preview:-1\" \/>\n<link rel=\"canonical\" href=\"https:\/\/bemoresuperfoods.fi\/brandilahettilas\/\" \/>\n<meta property=\"og:locale\" content=\"en_US\" \/>\n<meta property=\"og:type\" content=\"article\" \/>\n<meta property=\"og:title\" content=\"Br\u00e4ndil\u00e4hettil\u00e4s - Be More Suomi\" \/>\n<meta property=\"og:description\" content=\"Be More -br\u00e4ndil\u00e4hettil\u00e4\u00e4n\u00e4 voit ansaita rahaa, saada ilmaisia tuotteita ja hy\u00f6ty\u00e4 muista eduista kumppanuuden aikana.\" \/>\n<meta property=\"og:url\" content=\"https:\/\/bemoresuperfoods.fi\/brandilahettilas\/\" \/>\n<meta property=\"og:site_name\" content=\"Be More Suomi\" \/>\n<meta property=\"article:modified_time\" content=\"2024-09-20T05:00:06+00:00\" \/>\n<meta property=\"og:image\" content=\"https:\/\/bemoresuperfoods.fi\/wp-content\/uploads\/sites\/4\/2024\/09\/Email_1200x-1-1.jpg\" \/>\n<meta name=\"twitter:card\" content=\"summary_large_image\" \/>\n<meta name=\"twitter:label1\" content=\"Est. reading time\" \/>\n\t<meta name=\"twitter:data1\" content=\"2 minutes\" \/>\n<script type=\"application\/ld+json\" class=\"yoast-schema-graph\">{\"@context\":\"https:\/\/schema.org\",\"@graph\":[{\"@type\":\"WebPage\",\"@id\":\"https:\/\/bemoresuperfoods.fi\/brandilahettilas\/\",\"url\":\"https:\/\/bemoresuperfoods.fi\/brandilahettilas\/\",\"name\":\"Br\u00e4ndil\u00e4hettil\u00e4s - Be More Suomi\",\"isPartOf\":{\"@id\":\"https:\/\/bemoresuperfoods.fi\/#website\"},\"primaryImageOfPage\":{\"@id\":\"https:\/\/bemoresuperfoods.fi\/brandilahettilas\/#primaryimage\"},\"image\":{\"@id\":\"https:\/\/bemoresuperfoods.fi\/brandilahettilas\/#primaryimage\"},\"thumbnailUrl\":\"https:\/\/bemoresuperfoods.fi\/wp-content\/uploads\/sites\/4\/2024\/09\/Email_1200x-1-1.jpg\",\"datePublished\":\"2023-09-18T19:08:18+00:00\",\"dateModified\":\"2024-09-20T05:00:06+00:00\",\"description\":\"Be More -br\u00e4ndil\u00e4hettil\u00e4\u00e4n\u00e4 voit ansaita rahaa, saada ilmaisia tuotteita ja hy\u00f6ty\u00e4 muista eduista kumppanuuden aikana.\",\"breadcrumb\":{\"@id\":\"https:\/\/bemoresuperfoods.fi\/brandilahettilas\/#breadcrumb\"},\"inLanguage\":\"en-US\",\"potentialAction\":[{\"@type\":\"ReadAction\",\"target\":[\"https:\/\/bemoresuperfoods.fi\/brandilahettilas\/\"]}]},{\"@type\":\"ImageObject\",\"inLanguage\":\"en-US\",\"@id\":\"https:\/\/bemoresuperfoods.fi\/brandilahettilas\/#primaryimage\",\"url\":\"https:\/\/bemoresuperfoods.fi\/wp-content\/uploads\/sites\/4\/2024\/09\/Email_1200x-1-1.jpg\",\"contentUrl\":\"https:\/\/bemoresuperfoods.fi\/wp-content\/uploads\/sites\/4\/2024\/09\/Email_1200x-1-1.jpg\"},{\"@type\":\"BreadcrumbList\",\"@id\":\"https:\/\/bemoresuperfoods.fi\/brandilahettilas\/#breadcrumb\",\"itemListElement\":[{\"@type\":\"ListItem\",\"position\":1,\"name\":\"Home\",\"item\":\"https:\/\/bemoresuperfoods.fi\/\"},{\"@type\":\"ListItem\",\"position\":2,\"name\":\"Br\u00e4ndil\u00e4hettil\u00e4s\"}]},{\"@type\":\"WebSite\",\"@id\":\"https:\/\/bemoresuperfoods.fi\/#website\",\"url\":\"https:\/\/bemoresuperfoods.fi\/\",\"name\":\"Be More Suomi\",\"description\":\"\",\"potentialAction\":[{\"@type\":\"SearchAction\",\"target\":{\"@type\":\"EntryPoint\",\"urlTemplate\":\"https:\/\/bemoresuperfoods.fi\/?s={search_term_string}\"},\"query-input\":{\"@type\":\"PropertyValueSpecification\",\"valueRequired\":true,\"valueName\":\"search_term_string\"}}],\"inLanguage\":\"en-US\"}]}<\/script>\n<!-- \/ Yoast SEO plugin. -->","yoast_head_json":{"title":"Br\u00e4ndil\u00e4hettil\u00e4s - Be More Suomi","description":"Be More -br\u00e4ndil\u00e4hettil\u00e4\u00e4n\u00e4 voit ansaita rahaa, saada ilmaisia tuotteita ja hy\u00f6ty\u00e4 muista eduista kumppanuuden aikana.","robots":{"index":"index","follow":"follow","max-snippet":"max-snippet:-1","max-image-preview":"max-image-preview:large","max-video-preview":"max-video-preview:-1"},"canonical":"https:\/\/bemoresuperfoods.fi\/brandilahettilas\/","og_locale":"en_US","og_type":"article","og_title":"Br\u00e4ndil\u00e4hettil\u00e4s - Be More Suomi","og_description":"Be More -br\u00e4ndil\u00e4hettil\u00e4\u00e4n\u00e4 voit ansaita rahaa, saada ilmaisia tuotteita ja hy\u00f6ty\u00e4 muista eduista kumppanuuden aikana.","og_url":"https:\/\/bemoresuperfoods.fi\/brandilahettilas\/","og_site_name":"Be More Suomi","article_modified_time":"2024-09-20T05:00:06+00:00","og_image":[{"url":"https:\/\/bemoresuperfoods.fi\/wp-content\/uploads\/sites\/4\/2024\/09\/Email_1200x-1-1.jpg","type":"","width":"","height":""}],"twitter_card":"summary_large_image","twitter_misc":{"Est. reading time":"2 minutes"},"schema":{"@context":"https:\/\/schema.org","@graph":[{"@type":"WebPage","@id":"https:\/\/bemoresuperfoods.fi\/brandilahettilas\/","url":"https:\/\/bemoresuperfoods.fi\/brandilahettilas\/","name":"Br\u00e4ndil\u00e4hettil\u00e4s - Be More Suomi","isPartOf":{"@id":"https:\/\/bemoresuperfoods.fi\/#website"},"primaryImageOfPage":{"@id":"https:\/\/bemoresuperfoods.fi\/brandilahettilas\/#primaryimage"},"image":{"@id":"https:\/\/bemoresuperfoods.fi\/brandilahettilas\/#primaryimage"},"thumbnailUrl":"https:\/\/bemoresuperfoods.fi\/wp-content\/uploads\/sites\/4\/2024\/09\/Email_1200x-1-1.jpg","datePublished":"2023-09-18T19:08:18+00:00","dateModified":"2024-09-20T05:00:06+00:00","description":"Be More -br\u00e4ndil\u00e4hettil\u00e4\u00e4n\u00e4 voit ansaita rahaa, saada ilmaisia tuotteita ja hy\u00f6ty\u00e4 muista eduista kumppanuuden aikana.","breadcrumb":{"@id":"https:\/\/bemoresuperfoods.fi\/brandilahettilas\/#breadcrumb"},"inLanguage":"en-US","potentialAction":[{"@type":"ReadAction","target":["https:\/\/bemoresuperfoods.fi\/brandilahettilas\/"]}]},{"@type":"ImageObject","inLanguage":"en-US","@id":"https:\/\/bemoresuperfoods.fi\/brandilahettilas\/#primaryimage","url":"https:\/\/bemoresuperfoods.fi\/wp-content\/uploads\/sites\/4\/2024\/09\/Email_1200x-1-1.jpg","contentUrl":"https:\/\/bemoresuperfoods.fi\/wp-content\/uploads\/sites\/4\/2024\/09\/Email_1200x-1-1.jpg"},{"@type":"BreadcrumbList","@id":"https:\/\/bemoresuperfoods.fi\/brandilahettilas\/#breadcrumb","itemListElement":[{"@type":"ListItem","position":1,"name":"Home","item":"https:\/\/bemoresuperfoods.fi\/"},{"@type":"ListItem","position":2,"name":"Br\u00e4ndil\u00e4hettil\u00e4s"}]},{"@type":"WebSite","@id":"https:\/\/bemoresuperfoods.fi\/#website","url":"https:\/\/bemoresuperfoods.fi\/","name":"Be More Suomi","description":"","potentialAction":[{"@type":"SearchAction","target":{"@type":"EntryPoint","urlTemplate":"https:\/\/bemoresuperfoods.fi\/?s={search_term_string}"},"query-input":{"@type":"PropertyValueSpecification","valueRequired":true,"valueName":"search_term_string"}}],"inLanguage":"en-US"}]}},"_links":{"self":[{"href":"https:\/\/bemoresuperfoods.fi\/en\/wp-json\/wp\/v2\/pages\/148428","targetHints":{"allow":["GET"]}}],"collection":[{"href":"https:\/\/bemoresuperfoods.fi\/en\/wp-json\/wp\/v2\/pages"}],"about":[{"href":"https:\/\/bemoresuperfoods.fi\/en\/wp-json\/wp\/v2\/types\/page"}],"author":[{"embeddable":true,"href":"https:\/\/bemoresuperfoods.fi\/en\/wp-json\/wp\/v2\/users\/1323"}],"replies":[{"embeddable":true,"href":"https:\/\/bemoresuperfoods.fi\/en\/wp-json\/wp\/v2\/comments?post=148428"}],"version-history":[{"count":31,"href":"https:\/\/bemoresuperfoods.fi\/en\/wp-json\/wp\/v2\/pages\/148428\/revisions"}],"predecessor-version":[{"id":148919,"href":"https:\/\/bemoresuperfoods.fi\/en\/wp-json\/wp\/v2\/pages\/148428\/revisions\/148919"}],"wp:attachment":[{"href":"https:\/\/bemoresuperfoods.fi\/en\/wp-json\/wp\/v2\/media?parent=148428"}],"curies":[{"name":"wp","href":"https:\/\/api.w.org\/{rel}","templated":true}]}}